{"id":1271,"date":"2021-04-16T09:54:10","date_gmt":"2021-04-16T09:54:10","guid":{"rendered":"http:\/\/olmofacilities.com.br\/?page_id=1271"},"modified":"2021-11-24T11:47:24","modified_gmt":"2021-11-24T11:47:24","slug":"empresa","status":"publish","type":"page","link":"https:\/\/olmofacilities.com.br\/?page_id=1271","title":{"rendered":"Empresa"},"content":{"rendered":"Olmo Facilities \u00e9 uma empresa que atua h\u00e1 mais de 7 anos no mercado de condom\u00ednios vertical e horizontal.\r\n<div class=\"wp-block-group alignwide\">\r\n<p style=\"text-align: justify;\">Sua especialidade \u00e9 a sindic\u00e2ncia profissional voltada a gest\u00e3o administrativa, operacional e tomada de decis\u00f5es.\r\nOutros servi\u00e7os que a Olmo Facilities oferece s\u00e3o consultoria de recrutamento &amp; sele\u00e7\u00e3o e treinamento operacional para:<\/p>\r\n\r\n<ul>\r\n \t<li style=\"text-align: justify;\">Profissionais porteiros;<\/li>\r\n \t<li style=\"text-align: justify;\">Equipes de limpeza;<\/li>\r\n \t<li style=\"text-align: justify;\">Supervisores operacionais<\/li>\r\n<\/ul>\r\nConforme a necessidade do condom\u00ednio e garantindo a satisfa\u00e7\u00e3o do cliente.\r\n\r\n<\/div>\r\n<!-- \/wp:post-content -->","protected":false},"excerpt":{"rendered":"<p>Olmo Facilities \u00e9 uma empresa que atua h\u00e1 mais de 7 anos no mercado de condom\u00ednios vertical e horizontal. Sua especialidade \u00e9 a sindic\u00e2ncia profissional voltada a gest\u00e3o administrativa, operacional e tomada de decis\u00f5es. Outros servi\u00e7os que a Olmo Facilities oferece s\u00e3o consultoria de recrutamento &amp; sele\u00e7\u00e3o e treinamento operacional para: Profissionais porteiros; Equipes de [&hellip;]<\/p>\n","protected":false},"author":1,"featured_media":0,"parent":0,"menu_order":0,"comment_status":"closed","ping_status":"closed","template":"templates\/template-page-full-width.php","meta":{"om_disable_all_campaigns":false,"_monsterinsights_skip_tracking":false,"_monsterinsights_sitenote_active":false,"_monsterinsights_sitenote_note":"","_monsterinsights_sitenote_category":0,"footnotes":""},"class_list":["post-1271","page","type-page","status-publish","hentry"],"_links":{"self":[{"href":"https:\/\/olmofacilities.com.br\/index.php?rest_route=\/wp\/v2\/pages\/1271","targetHints":{"allow":["GET"]}}],"collection":[{"href":"https:\/\/olmofacilities.com.br\/index.php?rest_route=\/wp\/v2\/pages"}],"about":[{"href":"https:\/\/olmofacilities.com.br\/index.php?rest_route=\/wp\/v2\/types\/page"}],"author":[{"embeddable":true,"href":"https:\/\/olmofacilities.com.br\/index.php?rest_route=\/wp\/v2\/users\/1"}],"replies":[{"embeddable":true,"href":"https:\/\/olmofacilities.com.br\/index.php?rest_route=%2Fwp%2Fv2%2Fcomments&post=1271"}],"version-history":[{"count":14,"href":"https:\/\/olmofacilities.com.br\/index.php?rest_route=\/wp\/v2\/pages\/1271\/revisions"}],"predecessor-version":[{"id":1510,"href":"https:\/\/olmofacilities.com.br\/index.php?rest_route=\/wp\/v2\/pages\/1271\/revisions\/1510"}],"wp:attachment":[{"href":"https:\/\/olmofacilities.com.br\/index.php?rest_route=%2Fwp%2Fv2%2Fmedia&parent=1271"}],"curies":[{"name":"wp","href":"https:\/\/api.w.org\/{rel}","templated":true}]}}