{"id":1263,"date":"2021-04-16T09:42:07","date_gmt":"2021-04-16T09:42:07","guid":{"rendered":"http:\/\/olmofacilities.com.br\/?page_id=1263"},"modified":"2023-11-27T18:22:48","modified_gmt":"2023-11-27T18:22:48","slug":"servicos","status":"publish","type":"page","link":"https:\/\/olmofacilities.com.br\/?page_id=1263","title":{"rendered":"Servi\u00e7os"},"content":{"rendered":"\r\n\r\n<strong>Conhe\u00e7a nossos servi\u00e7os:<\/strong>\r\n<div class=\"wp-block-group alignwide\">\r\n<div class=\"wp-block-columns\">\r\n<div class=\"wp-block-column\">\r\n<p style=\"text-align: left;\">\r\n<strong>Tomada de decis\u00f5es<\/strong>\r\nA Olmo Facilities ajuda o seu condom\u00ednio nos processos decis\u00f3rios relacionadas as \u00e1reas: financeira, publicidade, gest\u00e3o de conflitos, presta\u00e7\u00e3o de contas, compromissos, documenta\u00e7\u00e3o e busca de melhorias, criando plano de trabalho, definindo e organizando o seu staff bem como desenvolver pol\u00edtica de relacionamento.\r\n\r\n<strong>Gest\u00e3o Administrativa<\/strong>\r\nA Olmo Facilities promove a gest\u00e3o e o acompanhamento dos processos administrativos, como planejamento or\u00e7ament\u00e1rio, opera\u00e7\u00f5es financeiras, despesas, receitas, tributos, cobran\u00e7as do seu condom\u00ednio, al\u00e9m de redesenhar processos para oferecer organiza\u00e7\u00e3o, controle de toda as movimenta\u00e7\u00f5es de acessos, vota\u00e7\u00f5es, cria\u00e7\u00e3o de crach\u00e1s padronizados e oferecendo qualidade no trabalho aos colaboradores.\r\n\r\n<strong>Gest\u00e3o Operacional<\/strong>\r\nA Olmo Facilities cria para o seu condom\u00ednio plano de manuten\u00e7\u00e3o criterioso e voltado para que tudo funcione, diminuindo as ocorr\u00eancias de quebra e minimizando o mal-estar da falta do servi\u00e7o: sistema de seguran\u00e7a, estrutura el\u00e9trica, estrutura hidr\u00e1ulica, port\u00f5es eletr\u00f4nicos, sistema de luzes de emerg\u00eancia, sistemas de bombas de recalque, caldeiras de aquecimento de \u00e1gua, elevadores entre outros.\r\n\r\n<strong>Recrutamento e Sele\u00e7\u00e3o<\/strong>\r\nA Olmo Facilities conta com uma equipe que trabalha fortemente no recrutamento e sele\u00e7\u00e3o de profissionais dos segmentos de portaria, limpeza, manuten\u00e7\u00e3o e zeladoria e administrativo aplicando testes psicol\u00f3gicos.\r\n\r\n<strong>Treinamento Operacional e Motivacional<\/strong>\r\nA Olmo Facilities treina equipes da portaria e limpeza, padronizando procedimentos, a comunica\u00e7\u00e3o t\u00e9cnica e o atendimento ao cond\u00f4mino. Observando falhas, treinando e orientando o processo correto e melhorando o atendimento realizado.\r\n\r\nEntre em contato conosco e <a href=\"https:\/\/olmofacilities.com.br\/?page_id=1545\">envie seu curr\u00edculo<\/a>\r\n<\/p>\r\n\r\n<\/div>\r\n<\/div>\r\n<\/div>\r\n<!-- \/wp:post-content --><!-- \/wp:freeform -->","protected":false},"excerpt":{"rendered":"<p>Conhe\u00e7a nossos servi\u00e7os: Tomada de decis\u00f5es A Olmo Facilities ajuda o seu condom\u00ednio nos processos decis\u00f3rios relacionadas as \u00e1reas: financeira, publicidade, gest\u00e3o de conflitos, presta\u00e7\u00e3o de contas, compromissos, documenta\u00e7\u00e3o e busca de melhorias, criando plano de trabalho, definindo e organizando o seu staff bem como desenvolver pol\u00edtica de relacionamento. Gest\u00e3o Administrativa A Olmo Facilities promove [&hellip;]<\/p>\n","protected":false},"author":1,"featured_media":0,"parent":0,"menu_order":0,"comment_status":"closed","ping_status":"closed","template":"templates\/template-page-full-width.php","meta":{"om_disable_all_campaigns":false,"_monsterinsights_skip_tracking":false,"_monsterinsights_sitenote_active":false,"_monsterinsights_sitenote_note":"","_monsterinsights_sitenote_category":0,"footnotes":""},"class_list":["post-1263","page","type-page","status-publish","hentry"],"_links":{"self":[{"href":"https:\/\/olmofacilities.com.br\/index.php?rest_route=\/wp\/v2\/pages\/1263","targetHints":{"allow":["GET"]}}],"collection":[{"href":"https:\/\/olmofacilities.com.br\/index.php?rest_route=\/wp\/v2\/pages"}],"about":[{"href":"https:\/\/olmofacilities.com.br\/index.php?rest_route=\/wp\/v2\/types\/page"}],"author":[{"embeddable":true,"href":"https:\/\/olmofacilities.com.br\/index.php?rest_route=\/wp\/v2\/users\/1"}],"replies":[{"embeddable":true,"href":"https:\/\/olmofacilities.com.br\/index.php?rest_route=%2Fwp%2Fv2%2Fcomments&post=1263"}],"version-history":[{"count":8,"href":"https:\/\/olmofacilities.com.br\/index.php?rest_route=\/wp\/v2\/pages\/1263\/revisions"}],"predecessor-version":[{"id":1554,"href":"https:\/\/olmofacilities.com.br\/index.php?rest_route=\/wp\/v2\/pages\/1263\/revisions\/1554"}],"wp:attachment":[{"href":"https:\/\/olmofacilities.com.br\/index.php?rest_route=%2Fwp%2Fv2%2Fmedia&parent=1263"}],"curies":[{"name":"wp","href":"https:\/\/api.w.org\/{rel}","templated":true}]}}